{"id":2061,"date":"2022-12-21T10:32:02","date_gmt":"2022-12-21T09:32:02","guid":{"rendered":"https:\/\/binnenlloyd.nl\/haftungsausschluss\/"},"modified":"2022-12-21T10:47:48","modified_gmt":"2022-12-21T09:47:48","slug":"haftungsausschluss","status":"publish","type":"page","link":"https:\/\/binnenlloyd.nl\/de\/haftungsausschluss\/","title":{"rendered":"Haftungsausschluss"},"content":{"rendered":"\t\t<div data-elementor-type=\"wp-page\" data-elementor-id=\"2061\" class=\"elementor elementor-2061 elementor-2012\" data-elementor-post-type=\"page\">\n\t\t\t\t\t\t<section class=\"elementor-section elementor-top-section elementor-element elementor-element-d4b335d elementor-section-boxed elementor-section-height-default elementor-section-height-default\" data-id=\"d4b335d\" data-element_type=\"section\" data-settings=\"{&quot;background_background&quot;:&quot;classic&quot;,&quot;shape_divider_bottom&quot;:&quot;waves&quot;}\">\n\t\t\t\t\t\t\t<div class=\"elementor-background-overlay\"><\/div>\n\t\t\t\t\t\t<div class=\"elementor-shape elementor-shape-bottom\" aria-hidden=\"true\" data-negative=\"false\">\n\t\t\t<svg xmlns=\"http:\/\/www.w3.org\/2000\/svg\" viewBox=\"0 0 1000 100\" preserveAspectRatio=\"none\">\n\t<path class=\"elementor-shape-fill\" d=\"M421.9,6.5c22.6-2.5,51.5,0.4,75.5,5.3c23.6,4.9,70.9,23.5,100.5,35.7c75.8,32.2,133.7,44.5,192.6,49.7\n\tc23.6,2.1,48.7,3.5,103.4-2.5c54.7-6,106.2-25.6,106.2-25.6V0H0v30.3c0,0,72,32.6,158.4,30.5c39.2-0.7,92.8-6.7,134-22.4\n\tc21.2-8.1,52.2-18.2,79.7-24.2C399.3,7.9,411.6,7.5,421.9,6.5z\"\/>\n<\/svg>\t\t<\/div>\n\t\t\t\t\t<div class=\"elementor-container elementor-column-gap-no\">\n\t\t\t\t\t<div class=\"elementor-column elementor-col-100 elementor-top-column elementor-element elementor-element-f8c91ac elementor-invisible\" data-id=\"f8c91ac\" data-element_type=\"column\" data-settings=\"{&quot;animation&quot;:&quot;fadeInUp&quot;}\">\n\t\t\t<div class=\"elementor-widget-wrap elementor-element-populated\">\n\t\t\t\t\t\t<div class=\"elementor-element elementor-element-e3a3d59 elementor-widget elementor-widget-heading\" data-id=\"e3a3d59\" data-element_type=\"widget\" data-widget_type=\"heading.default\">\n\t\t\t\t<div class=\"elementor-widget-container\">\n\t\t\t\t\t<h1 class=\"elementor-heading-title elementor-size-default\">Haftungsausschluss <\/h1>\t\t\t\t<\/div>\n\t\t\t\t<\/div>\n\t\t\t\t\t<\/div>\n\t\t<\/div>\n\t\t\t\t\t<\/div>\n\t\t<\/section>\n\t\t\t\t<section class=\"elementor-section elementor-top-section elementor-element elementor-element-99ffad1 elementor-section-boxed elementor-section-height-default elementor-section-height-default\" data-id=\"99ffad1\" data-element_type=\"section\">\n\t\t\t\t\t\t<div class=\"elementor-container elementor-column-gap-default\">\n\t\t\t\t\t<div class=\"elementor-column elementor-col-100 elementor-top-column elementor-element elementor-element-cf65adc\" data-id=\"cf65adc\" data-element_type=\"column\">\n\t\t\t<div class=\"elementor-widget-wrap elementor-element-populated\">\n\t\t\t\t\t\t<div class=\"elementor-element elementor-element-5b019e9 elementor-widget elementor-widget-text-editor\" data-id=\"5b019e9\" data-element_type=\"widget\" data-widget_type=\"text-editor.default\">\n\t\t\t\t<div class=\"elementor-widget-container\">\n\t\t\t\t\t\t\t\t\t<p><strong>2018 Peterson Control Union \u00a9<\/strong><br \/>Alle Rechte vorbehalten. Kein Teil dieser Website darf ohne vorherige schriftliche Genehmigung des Herausgebers vervielf\u00e4ltigt, in einer elektronischen Datenbank gespeichert oder in irgendeiner Form, elektronisch, mechanisch, durch Fotokopien oder durch Aufzeichnen auf andere Weise ver\u00f6ffentlicht werden.<\/p>\n<p><strong>Haftungsausschluss<br \/><\/strong>Es wurden alle Anstrengungen unternommen, um sicherzustellen, dass die Informationen auf der Webseite zum Zeitpunkt der Ver\u00f6ffentlichung korrekt sind. Peterson Control Union beh\u00e4lt sich jedoch das Recht vor, \u00c4nderungen ohne vorherige Ank\u00fcndigung vorzunehmen.<\/p>\n<p><strong>Cookies<\/strong><br \/>Unsere Peterson Control Union Webseite verwendet Cookies. ookies sind kleine Textdateien, die von einer Internetseite auf einen PC, ein Tablet oder ein Mobiltelefon gelegt werden. Wir verwenden Cookies, um unsere Webseite zu verbessern und den Web-Datenverkehr zu \u00fcberwachen. Auf diese Weise k\u00f6nnen wir sehen, wie viele Personen unsere Webseite in einem bestimmten Zeitraum besucht haben. Peterson Control Union verwendet nur kombinierte Daten, die nicht auf einen bestimmten PC oder eine bestimmte Person zur\u00fcckzuf\u00fchren sind. Nat\u00fcrlich k\u00f6nnen Sie die Verwendung von Cookies deaktivieren.<\/p>\n<p><strong>Achtung:<\/strong> Wenn Sie Cookies \u00fcber Ihren Browser deaktivieren, funktionieren bestimmte Dienste oder Funktionen der Peterson Control Union Webseite m\u00f6glicherweise nicht optimal.<\/p>\n\t\t\t\t\t\t\t\t<\/div>\n\t\t\t\t<\/div>\n\t\t\t\t\t<\/div>\n\t\t<\/div>\n\t\t\t\t\t<\/div>\n\t\t<\/section>\n\t\t\t\t<\/div>\n\t\t","protected":false},"excerpt":{"rendered":"<p>Haftungsausschluss 2018 Peterson Control Union \u00a9Alle Rechte vorbehalten. Kein Teil dieser Website darf ohne vorherige schriftliche Genehmigung des Herausgebers vervielf\u00e4ltigt, in einer elektronischen Datenbank gespeichert oder in irgendeiner Form, elektronisch, mechanisch, durch Fotokopien oder durch Aufzeichnen auf andere Weise ver\u00f6ffentlicht werden. HaftungsausschlussEs wurden alle Anstrengungen unternommen, um sicherzustellen, dass die Informationen auf der Webseite zum [&hellip;]<\/p>\n","protected":false},"author":2,"featured_media":0,"parent":0,"menu_order":0,"comment_status":"closed","ping_status":"closed","template":"","meta":{"site-sidebar-layout":"no-sidebar","site-content-layout":"page-builder","ast-site-content-layout":"default","site-content-style":"default","site-sidebar-style":"default","ast-global-header-display":"","ast-banner-title-visibility":"","ast-main-header-display":"","ast-hfb-above-header-display":"","ast-hfb-below-header-display":"","ast-hfb-mobile-header-display":"","site-post-title":"disabled","ast-breadcrumbs-content":"","ast-featured-img":"disabled","footer-sml-layout":"","theme-transparent-header-meta":"","adv-header-id-meta":"","stick-header-meta":"","header-above-stick-meta":"","header-main-stick-meta":"","header-below-stick-meta":"","astra-migrate-meta-layouts":"default","ast-page-background-enabled":"default","ast-page-background-meta":{"desktop":{"background-color":"","background-image":"","background-repeat":"repeat","background-position":"center center","background-size":"auto","background-attachment":"scroll","background-type":"","background-media":"","overlay-type":"","overlay-color":"","overlay-opacity":"","overlay-gradient":""},"tablet":{"background-color":"","background-image":"","background-repeat":"repeat","background-position":"center center","background-size":"auto","background-attachment":"scroll","background-type":"","background-media":"","overlay-type":"","overlay-color":"","overlay-opacity":"","overlay-gradient":""},"mobile":{"background-color":"","background-image":"","background-repeat":"repeat","background-position":"center center","background-size":"auto","background-attachment":"scroll","background-type":"","background-media":"","overlay-type":"","overlay-color":"","overlay-opacity":"","overlay-gradient":""}},"ast-content-background-meta":{"desktop":{"background-color":"var(--ast-global-color-5)","background-image":"","background-repeat":"repeat","background-position":"center center","background-size":"auto","background-attachment":"scroll","background-type":"","background-media":"","overlay-type":"","overlay-color":"","overlay-opacity":"","overlay-gradient":""},"tablet":{"background-color":"var(--ast-global-color-5)","background-image":"","background-repeat":"repeat","background-position":"center center","background-size":"auto","background-attachment":"scroll","background-type":"","background-media":"","overlay-type":"","overlay-color":"","overlay-opacity":"","overlay-gradient":""},"mobile":{"background-color":"var(--ast-global-color-5)","background-image":"","background-repeat":"repeat","background-position":"center center","background-size":"auto","background-attachment":"scroll","background-type":"","background-media":"","overlay-type":"","overlay-color":"","overlay-opacity":"","overlay-gradient":""}},"footnotes":""},"class_list":["post-2061","page","type-page","status-publish","hentry"],"_links":{"self":[{"href":"https:\/\/binnenlloyd.nl\/de\/wp-json\/wp\/v2\/pages\/2061","targetHints":{"allow":["GET"]}}],"collection":[{"href":"https:\/\/binnenlloyd.nl\/de\/wp-json\/wp\/v2\/pages"}],"about":[{"href":"https:\/\/binnenlloyd.nl\/de\/wp-json\/wp\/v2\/types\/page"}],"author":[{"embeddable":true,"href":"https:\/\/binnenlloyd.nl\/de\/wp-json\/wp\/v2\/users\/2"}],"replies":[{"embeddable":true,"href":"https:\/\/binnenlloyd.nl\/de\/wp-json\/wp\/v2\/comments?post=2061"}],"version-history":[{"count":3,"href":"https:\/\/binnenlloyd.nl\/de\/wp-json\/wp\/v2\/pages\/2061\/revisions"}],"predecessor-version":[{"id":2064,"href":"https:\/\/binnenlloyd.nl\/de\/wp-json\/wp\/v2\/pages\/2061\/revisions\/2064"}],"wp:attachment":[{"href":"https:\/\/binnenlloyd.nl\/de\/wp-json\/wp\/v2\/media?parent=2061"}],"curies":[{"name":"wp","href":"https:\/\/api.w.org\/{rel}","templated":true}]}}